{"id":296,"date":"2018-06-27T02:24:32","date_gmt":"2018-06-27T02:24:32","guid":{"rendered":"http:\/\/followfichte.com\/?page_id=296"},"modified":"2018-06-30T21:52:11","modified_gmt":"2018-06-30T21:52:11","slug":"bangalore","status":"publish","type":"page","link":"https:\/\/followfichte.com\/de\/bangalore\/","title":{"rendered":"Indien - Bangalore"},"content":{"rendered":"<p>Zwischen 2013 und 2018 habe diese s\u00fcdindische Stadt insgesamt sechmal besucht, um vor Ort SAP-interne UX-Methodentrainings durchzuf\u00fchren. W\u00e4hrend dieser Besuche hatte ich immer etwas Zeit um zu Fu\u00df die Umgebung zu erkunden. Der erste Besuch in Bangalore aus Europa kommend bedeutet in jedem Fall einen Kulturschock...<\/p>\n<style type=\"text\/css\">\n#foogallery-gallery-299.fg-justified .fg-item { margin-right: 2px; margin-bottom: 2px; }\n#foogallery-gallery-299.fg-justified .fg-image { height: 150px; }<\/style>\n\t\t\t<div class=\"foogallery foogallery-container foogallery-justified foogallery-lightbox-foobox fg-justified fg-ready fg-light fg-round-small fg-shadow-inset-medium fg-loading-bars fg-loaded-fade-in fg-caption-hover fg-hover-fade fg-hover-zoom3\" id=\"foogallery-gallery-299\" data-foogallery=\"{&quot;item&quot;:{&quot;showCaptionTitle&quot;:true,&quot;showCaptionDescription&quot;:true},&quot;lazy&quot;:true,&quot;template&quot;:{&quot;rowHeight&quot;:150,&quot;maxRowHeight&quot;:300,&quot;margins&quot;:2,&quot;align&quot;:&quot;center&quot;,&quot;lastRow&quot;:&quot;smart&quot;}}\" style=\"--fg-title-line-clamp: 0; --fg-description-line-clamp: 0;\" >\n\t<div class=\"fg-item fg-type-image fg-idle\"><figure class=\"fg-item-inner\"><a href=\"https:\/\/followfichte.com\/wp-content\/uploads\/photogalleries\/bangalore\/marriott-balkony-view.jpg\" data-caption-title=\"Lounge View\" data-caption-desc=\"From Marriott&#039;s Executive Lounge balkony\" data-attachment-id=\"317\" data-type=\"image\" class=\"fg-thumb\"><span class=\"fg-image-wrap\"><img fetchpriority=\"high\" decoding=\"async\" title=\"From Marriott&#039;s Executive Lounge balkony\" height=\"300\" width=\"534\" class=\"skip-lazy fg-image\" data-src-fg=\"https:\/\/followfichte.com\/wp-content\/uploads\/cache\/photogalleries\/bangalore\/marriott-balkony-view\/618617677.jpg\" src=\"data:image\/svg+xml,%3Csvg%20xmlns%3D%22http%3A%2F%2Fwww.w3.org%2F2000%2Fsvg%22%20width%3D%22534%22%20height%3D%22300%22%20viewBox%3D%220%200%20534%20300%22%3E%3C%2Fsvg%3E\" loading=\"eager\"><\/span><span class=\"fg-image-overlay\"><\/span><\/a><figcaption class=\"fg-caption\"><div class=\"fg-caption-inner\"><div class=\"fg-caption-title\">Lounge View<\/div><div class=\"fg-caption-desc\">From Marriott's Executive Lounge balkony<\/div><\/div><\/figcaption><\/figure><div class=\"fg-loader\"><\/div><\/div><div class=\"fg-item fg-type-image fg-idle\"><figure class=\"fg-item-inner\"><a href=\"https:\/\/followfichte.com\/wp-content\/uploads\/photogalleries\/bangalore\/running-event-finished.jpg\" data-caption-title=\"Happy finishers\" data-caption-desc=\"After a Bangalore 10k race in April 2018\" data-attachment-id=\"316\" data-type=\"image\" class=\"fg-thumb\"><span class=\"fg-image-wrap\"><img decoding=\"async\" title=\"After a Bangalore 10k race in April 2018\" height=\"300\" width=\"201\" class=\"skip-lazy fg-image\" data-src-fg=\"https:\/\/followfichte.com\/wp-content\/uploads\/cache\/photogalleries\/bangalore\/running-event-finished\/3229842614.jpg\" src=\"data:image\/svg+xml,%3Csvg%20xmlns%3D%22http%3A%2F%2Fwww.w3.org%2F2000%2Fsvg%22%20width%3D%22201%22%20height%3D%22300%22%20viewBox%3D%220%200%20201%20300%22%3E%3C%2Fsvg%3E\" loading=\"eager\"><\/span><span class=\"fg-image-overlay\"><\/span><\/a><figcaption class=\"fg-caption\"><div class=\"fg-caption-inner\"><div class=\"fg-caption-title\">Happy finishers<\/div><div class=\"fg-caption-desc\">After a Bangalore 10k race in April 2018<\/div><\/div><\/figcaption><\/figure><div class=\"fg-loader\"><\/div><\/div><div class=\"fg-item fg-type-image fg-idle\"><figure class=\"fg-item-inner\"><a href=\"https:\/\/followfichte.com\/wp-content\/uploads\/photogalleries\/bangalore\/roomview.jpg\" data-caption-title=\"Room view\" data-caption-desc=\"Marriott Bangalore Whitefield Hotel\" data-attachment-id=\"315\" data-type=\"image\" class=\"fg-thumb\"><span class=\"fg-image-wrap\"><img decoding=\"async\" title=\"Marriott Bangalore Whitefield Hotel\" height=\"300\" width=\"534\" class=\"skip-lazy fg-image\" data-src-fg=\"https:\/\/followfichte.com\/wp-content\/uploads\/cache\/photogalleries\/bangalore\/roomview\/3921849251.jpg\" src=\"data:image\/svg+xml,%3Csvg%20xmlns%3D%22http%3A%2F%2Fwww.w3.org%2F2000%2Fsvg%22%20width%3D%22534%22%20height%3D%22300%22%20viewBox%3D%220%200%20534%20300%22%3E%3C%2Fsvg%3E\" loading=\"eager\"><\/span><span class=\"fg-image-overlay\"><\/span><\/a><figcaption class=\"fg-caption\"><div class=\"fg-caption-inner\"><div class=\"fg-caption-title\">Room view<\/div><div class=\"fg-caption-desc\">Marriott Bangalore Whitefield Hotel<\/div><\/div><\/figcaption><\/figure><div class=\"fg-loader\"><\/div><\/div><div class=\"fg-item fg-type-image fg-idle\"><figure class=\"fg-item-inner\"><a href=\"https:\/\/followfichte.com\/wp-content\/uploads\/photogalleries\/bangalore\/cubbon-park02.jpg\" data-caption-title=\"Cubbon Park\" data-caption-desc=\"Bangalore&#039;s biggest urban recreation area in the heart of the city\" data-attachment-id=\"312\" data-type=\"image\" class=\"fg-thumb\"><span class=\"fg-image-wrap\"><img decoding=\"async\" title=\"Bangalore&#039;s biggest urban recreation area in the heart of the city\" height=\"300\" width=\"400\" class=\"skip-lazy fg-image\" data-src-fg=\"https:\/\/followfichte.com\/wp-content\/uploads\/cache\/photogalleries\/bangalore\/cubbon-park02\/3468016697.jpg\" src=\"data:image\/svg+xml,%3Csvg%20xmlns%3D%22http%3A%2F%2Fwww.w3.org%2F2000%2Fsvg%22%20width%3D%22400%22%20height%3D%22300%22%20viewBox%3D%220%200%20400%20300%22%3E%3C%2Fsvg%3E\" loading=\"eager\"><\/span><span class=\"fg-image-overlay\"><\/span><\/a><figcaption class=\"fg-caption\"><div class=\"fg-caption-inner\"><div class=\"fg-caption-title\">Cubbon Park<\/div><div class=\"fg-caption-desc\">Bangalore's biggest urban recreation area in the heart of the city<\/div><\/div><\/figcaption><\/figure><div class=\"fg-loader\"><\/div><\/div><div class=\"fg-item fg-type-image fg-idle\"><figure class=\"fg-item-inner\"><a href=\"https:\/\/followfichte.com\/wp-content\/uploads\/photogalleries\/bangalore\/mall-ausflug-verkabelung.jpg\" data-caption-title=\"Electricians&#039; nightmare?\" data-attachment-id=\"313\" data-type=\"image\" class=\"fg-thumb\"><span class=\"fg-image-wrap\"><img decoding=\"async\" height=\"300\" width=\"220\" class=\"skip-lazy fg-image\" data-src-fg=\"https:\/\/followfichte.com\/wp-content\/uploads\/cache\/photogalleries\/bangalore\/mall-ausflug-verkabelung\/1126710094.jpg\" src=\"data:image\/svg+xml,%3Csvg%20xmlns%3D%22http%3A%2F%2Fwww.w3.org%2F2000%2Fsvg%22%20width%3D%22220%22%20height%3D%22300%22%20viewBox%3D%220%200%20220%20300%22%3E%3C%2Fsvg%3E\" loading=\"eager\"><\/span><span class=\"fg-image-overlay\"><\/span><\/a><figcaption class=\"fg-caption\"><div class=\"fg-caption-inner\"><div class=\"fg-caption-title\">Electricians' nightmare?<\/div><\/div><\/figcaption><\/figure><div class=\"fg-loader\"><\/div><\/div><div class=\"fg-item fg-type-image fg-idle\"><figure class=\"fg-item-inner\"><a href=\"https:\/\/followfichte.com\/wp-content\/uploads\/photogalleries\/bangalore\/marriott-view-on-hospital.jpg\" data-caption-title=\"SriSatya Hospital from above\" data-caption-desc=\"Photographed from Marriott Hotel. November 2014.\" data-attachment-id=\"314\" data-type=\"image\" class=\"fg-thumb\"><span class=\"fg-image-wrap\"><img decoding=\"async\" title=\"Photographed from Marriott Hotel. November 2014.\" height=\"300\" width=\"300\" class=\"skip-lazy fg-image\" data-src-fg=\"https:\/\/followfichte.com\/wp-content\/uploads\/cache\/photogalleries\/bangalore\/marriott-view-on-hospital\/597807947.jpg\" src=\"data:image\/svg+xml,%3Csvg%20xmlns%3D%22http%3A%2F%2Fwww.w3.org%2F2000%2Fsvg%22%20width%3D%22300%22%20height%3D%22300%22%20viewBox%3D%220%200%20300%20300%22%3E%3C%2Fsvg%3E\" loading=\"eager\"><\/span><span class=\"fg-image-overlay\"><\/span><\/a><figcaption class=\"fg-caption\"><div class=\"fg-caption-inner\"><div class=\"fg-caption-title\">SriSatya Hospital from above<\/div><div class=\"fg-caption-desc\">Photographed from Marriott Hotel. November 2014.<\/div><\/div><\/figcaption><\/figure><div class=\"fg-loader\"><\/div><\/div><div class=\"fg-item fg-type-image fg-idle\"><figure class=\"fg-item-inner\"><a href=\"https:\/\/followfichte.com\/wp-content\/uploads\/photogalleries\/bangalore\/mall-ausflug-autofrei.jpg\" data-caption-title=\"No cars on weekends...\" data-caption-desc=\"Very unusual view of an Indian road\" data-attachment-id=\"311\" data-type=\"image\" class=\"fg-thumb\"><span class=\"fg-image-wrap\"><img decoding=\"async\" title=\"Very unusual view of an Indian road\" height=\"300\" width=\"425\" class=\"skip-lazy fg-image\" data-src-fg=\"https:\/\/followfichte.com\/wp-content\/uploads\/cache\/photogalleries\/bangalore\/mall-ausflug-autofrei\/1050852463.jpg\" src=\"data:image\/svg+xml,%3Csvg%20xmlns%3D%22http%3A%2F%2Fwww.w3.org%2F2000%2Fsvg%22%20width%3D%22425%22%20height%3D%22300%22%20viewBox%3D%220%200%20425%20300%22%3E%3C%2Fsvg%3E\" loading=\"eager\"><\/span><span class=\"fg-image-overlay\"><\/span><\/a><figcaption class=\"fg-caption\"><div class=\"fg-caption-inner\"><div class=\"fg-caption-title\">No cars on weekends...<\/div><div class=\"fg-caption-desc\">Very unusual view of an Indian road<\/div><\/div><\/figcaption><\/figure><div class=\"fg-loader\"><\/div><\/div><div class=\"fg-item fg-type-image fg-idle\"><figure class=\"fg-item-inner\"><a href=\"https:\/\/followfichte.com\/wp-content\/uploads\/photogalleries\/bangalore\/campus-djungle.jpg\" data-caption-title=\"Campus Jungle\" data-attachment-id=\"310\" data-type=\"image\" class=\"fg-thumb\"><span class=\"fg-image-wrap\"><img decoding=\"async\" height=\"300\" width=\"738\" class=\"skip-lazy fg-image\" data-src-fg=\"https:\/\/followfichte.com\/wp-content\/uploads\/cache\/photogalleries\/bangalore\/campus-djungle\/1663963078.jpg\" src=\"data:image\/svg+xml,%3Csvg%20xmlns%3D%22http%3A%2F%2Fwww.w3.org%2F2000%2Fsvg%22%20width%3D%22738%22%20height%3D%22300%22%20viewBox%3D%220%200%20738%20300%22%3E%3C%2Fsvg%3E\" loading=\"eager\"><\/span><span class=\"fg-image-overlay\"><\/span><\/a><figcaption class=\"fg-caption\"><div class=\"fg-caption-inner\"><div class=\"fg-caption-title\">Campus Jungle<\/div><\/div><\/figcaption><\/figure><div class=\"fg-loader\"><\/div><\/div><div class=\"fg-item fg-type-image fg-idle\"><figure class=\"fg-item-inner\"><a href=\"https:\/\/followfichte.com\/wp-content\/uploads\/photogalleries\/bangalore\/hotel-sunset-2.jpg\" data-caption-title=\"Sunset over Bangalore\" data-caption-desc=\"This picture has not been modified after photographing - these were the original colors!\" data-attachment-id=\"309\" data-type=\"image\" class=\"fg-thumb\"><span class=\"fg-image-wrap\"><img decoding=\"async\" title=\"This picture has not been modified after photographing - these were the original colors!\" height=\"300\" width=\"920\" class=\"skip-lazy fg-image\" data-src-fg=\"https:\/\/followfichte.com\/wp-content\/uploads\/cache\/photogalleries\/bangalore\/hotel-sunset-2\/1234043545.jpg\" src=\"data:image\/svg+xml,%3Csvg%20xmlns%3D%22http%3A%2F%2Fwww.w3.org%2F2000%2Fsvg%22%20width%3D%22920%22%20height%3D%22300%22%20viewBox%3D%220%200%20920%20300%22%3E%3C%2Fsvg%3E\" loading=\"eager\"><\/span><span class=\"fg-image-overlay\"><\/span><\/a><figcaption class=\"fg-caption\"><div class=\"fg-caption-inner\"><div class=\"fg-caption-title\">Sunset over Bangalore<\/div><div class=\"fg-caption-desc\">This picture has not been modified after photographing - these were the original colors!<\/div><\/div><\/figcaption><\/figure><div class=\"fg-loader\"><\/div><\/div><div class=\"fg-item fg-type-image fg-idle\"><figure class=\"fg-item-inner\"><a href=\"https:\/\/followfichte.com\/wp-content\/uploads\/photogalleries\/bangalore\/cubbon-park01.jpg\" data-caption-title=\"Cubbon Park\" data-attachment-id=\"308\" data-type=\"image\" class=\"fg-thumb\"><span class=\"fg-image-wrap\"><img decoding=\"async\" height=\"300\" width=\"375\" class=\"skip-lazy fg-image\" data-src-fg=\"https:\/\/followfichte.com\/wp-content\/uploads\/cache\/photogalleries\/bangalore\/cubbon-park01\/1851485332.jpg\" src=\"data:image\/svg+xml,%3Csvg%20xmlns%3D%22http%3A%2F%2Fwww.w3.org%2F2000%2Fsvg%22%20width%3D%22375%22%20height%3D%22300%22%20viewBox%3D%220%200%20375%20300%22%3E%3C%2Fsvg%3E\" loading=\"eager\"><\/span><span class=\"fg-image-overlay\"><\/span><\/a><figcaption class=\"fg-caption\"><div class=\"fg-caption-inner\"><div class=\"fg-caption-title\">Cubbon Park<\/div><\/div><\/figcaption><\/figure><div class=\"fg-loader\"><\/div><\/div><div class=\"fg-item fg-type-image fg-idle\"><figure class=\"fg-item-inner\"><a href=\"https:\/\/followfichte.com\/wp-content\/uploads\/photogalleries\/bangalore\/hotel-sunset.jpg\" data-caption-title=\"Hotel Sunset\" data-attachment-id=\"307\" data-type=\"image\" class=\"fg-thumb\"><span class=\"fg-image-wrap\"><img decoding=\"async\" height=\"300\" width=\"534\" class=\"skip-lazy fg-image\" data-src-fg=\"https:\/\/followfichte.com\/wp-content\/uploads\/cache\/photogalleries\/bangalore\/hotel-sunset\/227879319.jpg\" src=\"data:image\/svg+xml,%3Csvg%20xmlns%3D%22http%3A%2F%2Fwww.w3.org%2F2000%2Fsvg%22%20width%3D%22534%22%20height%3D%22300%22%20viewBox%3D%220%200%20534%20300%22%3E%3C%2Fsvg%3E\" loading=\"eager\"><\/span><span class=\"fg-image-overlay\"><\/span><\/a><figcaption class=\"fg-caption\"><div class=\"fg-caption-inner\"><div class=\"fg-caption-title\">Hotel Sunset<\/div><\/div><\/figcaption><\/figure><div class=\"fg-loader\"><\/div><\/div><div class=\"fg-item fg-type-image fg-idle\"><figure class=\"fg-item-inner\"><a href=\"https:\/\/followfichte.com\/wp-content\/uploads\/photogalleries\/bangalore\/ghetto.jpg\" data-caption-title=\"Low living standards\" data-attachment-id=\"306\" data-type=\"image\" class=\"fg-thumb\"><span class=\"fg-image-wrap\"><img decoding=\"async\" height=\"300\" width=\"533\" class=\"skip-lazy fg-image\" data-src-fg=\"https:\/\/followfichte.com\/wp-content\/uploads\/cache\/photogalleries\/bangalore\/ghetto\/417030391.jpg\" src=\"data:image\/svg+xml,%3Csvg%20xmlns%3D%22http%3A%2F%2Fwww.w3.org%2F2000%2Fsvg%22%20width%3D%22533%22%20height%3D%22300%22%20viewBox%3D%220%200%20533%20300%22%3E%3C%2Fsvg%3E\" loading=\"eager\"><\/span><span class=\"fg-image-overlay\"><\/span><\/a><figcaption class=\"fg-caption\"><div class=\"fg-caption-inner\"><div class=\"fg-caption-title\">Low living standards<\/div><\/div><\/figcaption><\/figure><div class=\"fg-loader\"><\/div><\/div><div class=\"fg-item fg-type-image fg-idle\"><figure class=\"fg-item-inner\"><a href=\"https:\/\/followfichte.com\/wp-content\/uploads\/photogalleries\/bangalore\/hotel-sunset-3.jpg\" data-caption-title=\"Overlooking Whitefield, Bangalore\" data-attachment-id=\"305\" data-type=\"image\" class=\"fg-thumb\"><span class=\"fg-image-wrap\"><img decoding=\"async\" height=\"300\" width=\"534\" class=\"skip-lazy fg-image\" data-src-fg=\"https:\/\/followfichte.com\/wp-content\/uploads\/cache\/photogalleries\/bangalore\/hotel-sunset-3\/1196954128.jpg\" src=\"data:image\/svg+xml,%3Csvg%20xmlns%3D%22http%3A%2F%2Fwww.w3.org%2F2000%2Fsvg%22%20width%3D%22534%22%20height%3D%22300%22%20viewBox%3D%220%200%20534%20300%22%3E%3C%2Fsvg%3E\" loading=\"eager\"><\/span><span class=\"fg-image-overlay\"><\/span><\/a><figcaption class=\"fg-caption\"><div class=\"fg-caption-inner\"><div class=\"fg-caption-title\">Overlooking Whitefield, Bangalore<\/div><\/div><\/figcaption><\/figure><div class=\"fg-loader\"><\/div><\/div><div class=\"fg-item fg-type-image fg-idle\"><figure class=\"fg-item-inner\"><a href=\"https:\/\/followfichte.com\/wp-content\/uploads\/photogalleries\/bangalore\/dirt-road.jpg\" data-caption-title=\"dirt-road\" data-attachment-id=\"303\" data-type=\"image\" class=\"fg-thumb\"><span class=\"fg-image-wrap\"><img decoding=\"async\" height=\"300\" width=\"533\" class=\"skip-lazy fg-image\" data-src-fg=\"https:\/\/followfichte.com\/wp-content\/uploads\/cache\/photogalleries\/bangalore\/dirt-road\/823469187.jpg\" src=\"data:image\/svg+xml,%3Csvg%20xmlns%3D%22http%3A%2F%2Fwww.w3.org%2F2000%2Fsvg%22%20width%3D%22533%22%20height%3D%22300%22%20viewBox%3D%220%200%20533%20300%22%3E%3C%2Fsvg%3E\" loading=\"eager\"><\/span><span class=\"fg-image-overlay\"><\/span><\/a><figcaption class=\"fg-caption\"><div class=\"fg-caption-inner\"><div class=\"fg-caption-title\">dirt-road<\/div><\/div><\/figcaption><\/figure><div class=\"fg-loader\"><\/div><\/div><div class=\"fg-item fg-type-image fg-idle\"><figure class=\"fg-item-inner\"><a href=\"https:\/\/followfichte.com\/wp-content\/uploads\/photogalleries\/bangalore\/arbeitsweg.jpg\" data-caption-title=\"Everyday commute\" data-caption-desc=\"On my way to the office (roughly 2km), others started their working day as well.\" data-attachment-id=\"304\" data-type=\"image\" class=\"fg-thumb\"><span class=\"fg-image-wrap\"><img decoding=\"async\" title=\"On my way to the office (roughly 2km), others started their working day as well.\" height=\"300\" width=\"533\" class=\"skip-lazy fg-image\" data-src-fg=\"https:\/\/followfichte.com\/wp-content\/uploads\/cache\/photogalleries\/bangalore\/arbeitsweg\/2177666682.jpg\" src=\"data:image\/svg+xml,%3Csvg%20xmlns%3D%22http%3A%2F%2Fwww.w3.org%2F2000%2Fsvg%22%20width%3D%22533%22%20height%3D%22300%22%20viewBox%3D%220%200%20533%20300%22%3E%3C%2Fsvg%3E\" loading=\"eager\"><\/span><span class=\"fg-image-overlay\"><\/span><\/a><figcaption class=\"fg-caption\"><div class=\"fg-caption-inner\"><div class=\"fg-caption-title\">Everyday commute<\/div><div class=\"fg-caption-desc\">On my way to the office (roughly 2km), others started their working day as well.<\/div><\/div><\/figcaption><\/figure><div class=\"fg-loader\"><\/div><\/div><div class=\"fg-item fg-type-image fg-idle\"><figure class=\"fg-item-inner\"><a href=\"https:\/\/followfichte.com\/wp-content\/uploads\/photogalleries\/bangalore\/arbeitsweg2.jpg\" data-caption-title=\"Commuting to work\" data-attachment-id=\"302\" data-type=\"image\" class=\"fg-thumb\"><span class=\"fg-image-wrap\"><img decoding=\"async\" height=\"300\" width=\"533\" class=\"skip-lazy fg-image\" data-src-fg=\"https:\/\/followfichte.com\/wp-content\/uploads\/cache\/photogalleries\/bangalore\/arbeitsweg2\/310111666.jpg\" src=\"data:image\/svg+xml,%3Csvg%20xmlns%3D%22http%3A%2F%2Fwww.w3.org%2F2000%2Fsvg%22%20width%3D%22533%22%20height%3D%22300%22%20viewBox%3D%220%200%20533%20300%22%3E%3C%2Fsvg%3E\" loading=\"eager\"><\/span><span class=\"fg-image-overlay\"><\/span><\/a><figcaption class=\"fg-caption\"><div class=\"fg-caption-inner\"><div class=\"fg-caption-title\">Commuting to work<\/div><\/div><\/figcaption><\/figure><div class=\"fg-loader\"><\/div><\/div><div class=\"fg-item fg-type-image fg-idle\"><figure class=\"fg-item-inner\"><a href=\"https:\/\/followfichte.com\/wp-content\/uploads\/photogalleries\/bangalore\/campus-SAPalme.jpg\" data-caption-title=\"SAP Campus under palm trees\" data-attachment-id=\"301\" data-type=\"image\" class=\"fg-thumb\"><span class=\"fg-image-wrap\"><img decoding=\"async\" height=\"300\" width=\"300\" class=\"skip-lazy fg-image\" data-src-fg=\"https:\/\/followfichte.com\/wp-content\/uploads\/cache\/photogalleries\/bangalore\/campus-SAPalme\/179997614.jpg\" src=\"data:image\/svg+xml,%3Csvg%20xmlns%3D%22http%3A%2F%2Fwww.w3.org%2F2000%2Fsvg%22%20width%3D%22300%22%20height%3D%22300%22%20viewBox%3D%220%200%20300%20300%22%3E%3C%2Fsvg%3E\" loading=\"eager\"><\/span><span class=\"fg-image-overlay\"><\/span><\/a><figcaption class=\"fg-caption\"><div class=\"fg-caption-inner\"><div class=\"fg-caption-title\">SAP Campus under palm trees<\/div><\/div><\/figcaption><\/figure><div class=\"fg-loader\"><\/div><\/div><div class=\"fg-item fg-type-image fg-idle\"><figure class=\"fg-item-inner\"><a href=\"https:\/\/followfichte.com\/wp-content\/uploads\/2018\/06\/runningbangalore.jpg\" data-caption-title=\"Running Bangalore\" data-caption-desc=\"Participating in a 10k road running event in April 2018. Pretty good results: 42 minutes!\" data-attachment-id=\"31\" data-type=\"image\" class=\"fg-thumb\"><span class=\"fg-image-wrap\"><img decoding=\"async\" title=\"Participating in a 10k road running event in April 2018. Pretty good results: 42 minutes!\" height=\"300\" width=\"533\" class=\"skip-lazy fg-image\" data-src-fg=\"https:\/\/followfichte.com\/wp-content\/uploads\/cache\/2018\/06\/runningbangalore\/3475087812.jpg\" src=\"data:image\/svg+xml,%3Csvg%20xmlns%3D%22http%3A%2F%2Fwww.w3.org%2F2000%2Fsvg%22%20width%3D%22533%22%20height%3D%22300%22%20viewBox%3D%220%200%20533%20300%22%3E%3C%2Fsvg%3E\" loading=\"eager\"><\/span><span class=\"fg-image-overlay\"><\/span><\/a><figcaption class=\"fg-caption\"><div class=\"fg-caption-inner\"><div class=\"fg-caption-title\">Running Bangalore<\/div><div class=\"fg-caption-desc\">Participating in a 10k road running event in April 2018. Pretty good results: 42 minutes!<\/div><\/div><\/figcaption><\/figure><div class=\"fg-loader\"><\/div><\/div><\/div>\n\n<p>&nbsp;<\/p>","protected":false},"excerpt":{"rendered":"<p>Between 2013 and 2018 I visited the South-Indian city of Bangalore a total of six times, to conduct SAP internal User Experience method training classes at SAP Labs. During these [&hellip;]<\/p>","protected":false},"author":1,"featured_media":0,"parent":0,"menu_order":0,"comment_status":"closed","ping_status":"closed","template":"","meta":{"_exactmetrics_skip_tracking":false,"_exactmetrics_sitenote_active":false,"_exactmetrics_sitenote_note":"","_exactmetrics_sitenote_category":0,"ngg_post_thumbnail":0,"footnotes":""},"class_list":["post-296","page","type-page","status-publish","hentry"],"_links":{"self":[{"href":"https:\/\/followfichte.com\/de\/wp-json\/wp\/v2\/pages\/296","targetHints":{"allow":["GET"]}}],"collection":[{"href":"https:\/\/followfichte.com\/de\/wp-json\/wp\/v2\/pages"}],"about":[{"href":"https:\/\/followfichte.com\/de\/wp-json\/wp\/v2\/types\/page"}],"author":[{"embeddable":true,"href":"https:\/\/followfichte.com\/de\/wp-json\/wp\/v2\/users\/1"}],"replies":[{"embeddable":true,"href":"https:\/\/followfichte.com\/de\/wp-json\/wp\/v2\/comments?post=296"}],"version-history":[{"count":4,"href":"https:\/\/followfichte.com\/de\/wp-json\/wp\/v2\/pages\/296\/revisions"}],"predecessor-version":[{"id":1056,"href":"https:\/\/followfichte.com\/de\/wp-json\/wp\/v2\/pages\/296\/revisions\/1056"}],"wp:attachment":[{"href":"https:\/\/followfichte.com\/de\/wp-json\/wp\/v2\/media?parent=296"}],"curies":[{"name":"wp","href":"https:\/\/api.w.org\/{rel}","templated":true}]}}