{"id":181,"date":"2018-06-25T02:11:13","date_gmt":"2018-06-25T02:11:13","guid":{"rendered":"http:\/\/followfichte.com\/?page_id=181"},"modified":"2018-07-01T20:12:26","modified_gmt":"2018-07-01T20:12:26","slug":"legal-notice","status":"publish","type":"page","link":"https:\/\/followfichte.com\/de\/legal-notice\/","title":{"rendered":"Impressum"},"content":{"rendered":"<header class=\"entry-header\">Angaben gem\u00e4\u00df \u00a7 5 TMG<\/header>\n<header><\/header>\n<header class=\"entry-header\">Ludwig Fichte<\/header>\n<header class=\"entry-header\">68305 Mannheim<\/p>\n<h4>Kontakt<\/h4>\n<p>E-Mail:\u00a0followfichte@gmail.com<br \/>\nInternet-Addresse:\u00a0http:\/\/followfichte.com<\/p>\n<h4>Verantwortlich f\u00fcr den Inhalt nach \u00a7 55 Abs. 2 RStV<\/h4>\n<p>Ludwig Fichte<br \/>\n68305 Mannheim<\/p>\n<h2 class=\"entry-title\">Datenschutz<\/h2>\n<\/header>\n<div class=\"entry-content jpibfi_container\">\n<h3>Allgemein<\/h3>\n<p>Die Nutzung unserer Webseite ist in der Regel ohne Angabe personenbezogener Daten m\u00f6glich. Soweit auf unseren Seiten personenbezogene Daten (beispielsweise Name, Anschrift oder eMail-Adressen) erhoben werden, erfolgt dies, soweit m\u00f6glich, stets auf freiwilliger Basis. Diese Daten werden ohne Ihre ausdr\u00fcckliche Zustimmung nicht an Dritte weitergegeben. Wir weisen darauf hin, dass die Daten\u00fcbertragung im Internet (z.B. bei der Kommunikation per E-Mail) Sicherheitsl\u00fccken aufweisen kann. Ein l\u00fcckenloser Schutz der Daten vor dem Zugriff durch Dritte ist nicht m\u00f6glich. Der Nutzung von im Rahmen der Impressumspflicht ver\u00f6ffentlichten Kontaktdaten durch Dritte zur \u00dcbersendung von nicht ausdr\u00fccklich angeforderter Werbung und Informationsmaterialien wird hiermit ausdr\u00fccklich widersprochen. Die Betreiber der Seiten behalten sich ausdr\u00fccklich rechtliche Schritte im Falle der unverlangten Zusendung von Werbeinformationen, etwa durch Spam-Mails, vor.<\/p>\n<h3>.<\/h3>\n<p>.<br \/>\n.<\/p>\n<h3>Google Analytics<\/h3>\n<p>Diese Website benutzt Google Analytics, einen Webanalysedienst der Google Inc. (''Google''). Google Analytics verwendet sog. ''Cookies'', Textdateien, die auf Ihrem Computer gespeichert werden und die eine Analyse der Benutzung der Website durch Sie erm\u00f6glicht. Die durch den Cookie erzeugten Informationen \u00fcber Ihre Benutzung dieser Website (einschlie\u00dflich Ihrer IP-Adresse) wird an einen Server von Google in den USA \u00fcbertragen und dort gespeichert. Google wird diese Informationen benutzen, um Ihre Nutzung der Website auszuwerten, um Reports \u00fcber die Websiteaktivit\u00e4ten f\u00fcr die Websitebetreiber zusammenzustellen und um weitere mit der Websitenutzung und der Internetnutzung verbundene Dienstleistungen zu erbringen. Auch wird Google diese Informationen gegebenenfalls an Dritte \u00fcbertragen, sofern dies gesetzlich vorgeschrieben oder soweit Dritte diese Daten im Auftrag von Google verarbeiten. Google wird in keinem Fall Ihre IP-Adresse mit anderen Daten der Google in Verbindung bringen. Sie k\u00f6nnen die Installation der Cookies durch eine entsprechende Einstellung Ihrer Browser Software verhindern; wir weisen Sie jedoch darauf hin, dass Sie in diesem Fall gegebenenfalls nicht s\u00e4mtliche Funktionen dieser Website voll umf\u00e4nglich nutzen k\u00f6nnen. Durch die Nutzung dieser Website erkl\u00e4ren Sie sich mit der Bearbeitung der \u00fcber Sie erhobenen Daten durch Google in der zuvor beschriebenen Art und Weise und zu dem zuvor benannten Zweck einverstanden. <a href=\"http:\/\/tools.google.com\/dlpage\/gaoptout?hl=en\" target=\"_blank\" rel=\"nofollow external noopener noreferrer\" data-wpel-link=\"external\">http:\/\/tools.google.com\/dlpage\/gaoptout?hl=en<\/a><\/p>\n<p>This website uses Google Analytics with the extension \u201canonymizeIP()\u201d, IP addresses being truncated before further processing in order to rule out direct associations to persons.<\/p>\n<h3>Information About Cookies<\/h3>\n<p>(1) To optimize our web presence, we use cookies. These are small text files stored in your computer\u2019s main memory. These cookies are deleted after you close the browser. Other cookies remain on your computer (long-term cookies) and permit its recognition on your next visit. This allows us to improve your access to our site.<br \/>\n(2) You can prevent storage of cookies by choosing a \u201cdisable cookies\u201d option in your browser settings. But this can limit the functionality of our Internet offers as a result.<\/p>\n<h3>Newsletter<\/h3>\n<p>Following subscription to the newsletter, your e-mail address is used for our own advertising purposes until you cancel the newsletter again. Cancellation is possible at any time. The following consent has been expressly granted by you separately, or possibly in the course of an ordering process:\u00a0(By subscribing to newsletter)<br \/>\nYou may revoke your consent at any time with future effect. If you no longer want to receive the newsletter, then unsubscribe as follows:<br \/>\nVia link in newsletter, or by sending an email to the email address stated above.<\/p>\n<p><strong>Disclosure<\/strong><\/p>\n<p>According to the Federal Data Protection Act, you have a right to free-of-charge information about your stored data, and possibly entitlement to correction, blocking or deletion of such data. Inquiries can be directed to the e-mail address stated above.<\/p>\n<p>&nbsp;<\/p>\n<p><img loading=\"lazy\" decoding=\"async\" class=\"size-full wp-image-1070 aligncenter\" src=\"http:\/\/followfichte.com\/wp-content\/uploads\/2018\/07\/original-mit-text-small-e1530461155182.png\" alt=\"\" width=\"300\" height=\"110\" \/><\/p>\n<\/div>\n<p>&nbsp;<\/p>\n<p>&nbsp;<\/p>","protected":false},"excerpt":{"rendered":"<p>Information in accordance with section 5 TMG Ludwig Fichte 68305 Mannheim Contact E-Mail:\u00a0followfichte@gmail.com Internet address:\u00a0http:\/\/followfichte.com Person responsible for content in accordance with 55 Abs. 2 RStV Ludwig Fichte 68305 Mannheim [&hellip;]<\/p>","protected":false},"author":1,"featured_media":0,"parent":0,"menu_order":0,"comment_status":"closed","ping_status":"closed","template":"","meta":{"_exactmetrics_skip_tracking":false,"_exactmetrics_sitenote_active":false,"_exactmetrics_sitenote_note":"","_exactmetrics_sitenote_category":0,"ngg_post_thumbnail":0,"footnotes":""},"class_list":["post-181","page","type-page","status-publish","hentry"],"_links":{"self":[{"href":"https:\/\/followfichte.com\/de\/wp-json\/wp\/v2\/pages\/181","targetHints":{"allow":["GET"]}}],"collection":[{"href":"https:\/\/followfichte.com\/de\/wp-json\/wp\/v2\/pages"}],"about":[{"href":"https:\/\/followfichte.com\/de\/wp-json\/wp\/v2\/types\/page"}],"author":[{"embeddable":true,"href":"https:\/\/followfichte.com\/de\/wp-json\/wp\/v2\/users\/1"}],"replies":[{"embeddable":true,"href":"https:\/\/followfichte.com\/de\/wp-json\/wp\/v2\/comments?post=181"}],"version-history":[{"count":9,"href":"https:\/\/followfichte.com\/de\/wp-json\/wp\/v2\/pages\/181\/revisions"}],"predecessor-version":[{"id":1083,"href":"https:\/\/followfichte.com\/de\/wp-json\/wp\/v2\/pages\/181\/revisions\/1083"}],"wp:attachment":[{"href":"https:\/\/followfichte.com\/de\/wp-json\/wp\/v2\/media?parent=181"}],"curies":[{"name":"wp","href":"https:\/\/api.w.org\/{rel}","templated":true}]}}