{"id":982,"date":"2018-06-28T04:10:05","date_gmt":"2018-06-28T04:10:05","guid":{"rendered":"http:\/\/followfichte.com\/?page_id=982"},"modified":"2018-06-28T04:10:05","modified_gmt":"2018-06-28T04:10:05","slug":"usa-eastcoast","status":"publish","type":"page","link":"http:\/\/followfichte.com\/de\/usa-eastcoast\/","title":{"rendered":"USA - Ostk\u00fcste"},"content":{"rendered":"<p>Der \u00f6stliche Teil der USA war bisher immer einen Besuch wert. Boston war das Ziel meiner allerersten \u00dcbersee-Dienstreise. Dort hatte ich eine Reihe von summativen Usability-Studien durchgef\u00fchrt. New York und New Jersey folgten, als ich mit einem Kollegen einige unsere Kunden besucht habe.<\/p>\n<style type=\"text\/css\">\n#foogallery-gallery-981.fg-justified .fg-item { margin-right: 2px; margin-bottom: 2px; }\n#foogallery-gallery-981.fg-justified .fg-image { height: 150px; }<\/style>\n\t\t\t<div class=\"foogallery foogallery-container foogallery-justified foogallery-lightbox-foobox fg-justified fg-ready fg-light fg-round-small fg-shadow-inset-medium fg-loading-bars fg-loaded-fade-in fg-caption-hover fg-hover-fade fg-hover-zoom3\" id=\"foogallery-gallery-981\" data-foogallery=\"{&quot;item&quot;:{&quot;showCaptionTitle&quot;:true,&quot;showCaptionDescription&quot;:true},&quot;lazy&quot;:true,&quot;template&quot;:{&quot;rowHeight&quot;:150,&quot;maxRowHeight&quot;:300,&quot;margins&quot;:2,&quot;align&quot;:&quot;center&quot;,&quot;lastRow&quot;:&quot;smart&quot;}}\" style=\"--fg-title-line-clamp: 0; --fg-description-line-clamp: 0;\" >\n\t<\/div>\n\n<p>&nbsp;<\/p>","protected":false},"excerpt":{"rendered":"<p>The eastern part of the United States is always worth a visit. Boston was the destination of my very first business trip abroad, to run a series of summative usability [&hellip;]<\/p>","protected":false},"author":1,"featured_media":0,"parent":0,"menu_order":0,"comment_status":"closed","ping_status":"closed","template":"","meta":{"_exactmetrics_skip_tracking":false,"_exactmetrics_sitenote_active":false,"_exactmetrics_sitenote_note":"","_exactmetrics_sitenote_category":0,"ngg_post_thumbnail":0,"footnotes":""},"class_list":["post-982","page","type-page","status-publish","hentry"],"_links":{"self":[{"href":"http:\/\/followfichte.com\/de\/wp-json\/wp\/v2\/pages\/982","targetHints":{"allow":["GET"]}}],"collection":[{"href":"http:\/\/followfichte.com\/de\/wp-json\/wp\/v2\/pages"}],"about":[{"href":"http:\/\/followfichte.com\/de\/wp-json\/wp\/v2\/types\/page"}],"author":[{"embeddable":true,"href":"http:\/\/followfichte.com\/de\/wp-json\/wp\/v2\/users\/1"}],"replies":[{"embeddable":true,"href":"http:\/\/followfichte.com\/de\/wp-json\/wp\/v2\/comments?post=982"}],"version-history":[{"count":1,"href":"http:\/\/followfichte.com\/de\/wp-json\/wp\/v2\/pages\/982\/revisions"}],"predecessor-version":[{"id":983,"href":"http:\/\/followfichte.com\/de\/wp-json\/wp\/v2\/pages\/982\/revisions\/983"}],"wp:attachment":[{"href":"http:\/\/followfichte.com\/de\/wp-json\/wp\/v2\/media?parent=982"}],"curies":[{"name":"wp","href":"https:\/\/api.w.org\/{rel}","templated":true}]}}