{"id":791,"date":"2018-06-27T19:18:39","date_gmt":"2018-06-27T19:18:39","guid":{"rendered":"http:\/\/followfichte.com\/?page_id=791"},"modified":"2018-06-28T02:33:42","modified_gmt":"2018-06-28T02:33:42","slug":"canada-west","status":"publish","type":"page","link":"http:\/\/followfichte.com\/de\/canada-west\/","title":{"rendered":"Kanadas Westen"},"content":{"rendered":"<p>Der westliche Teil Kanadas unterscheidet sich sehr von der Ostk\u00fcste und hat seine eigene Vielfalt. Vancouver ist eine gro\u00dfartige Stadt, mit herrlichen Parks, K\u00fcstenabschnitten, und purer Natur runherum.<\/p>\n<style type=\"text\/css\">\n#foogallery-gallery-790.fg-justified .fg-item { margin-right: 2px; margin-bottom: 2px; }\n#foogallery-gallery-790.fg-justified .fg-image { height: 150px; }<\/style>\n\t\t\t<div class=\"foogallery foogallery-container foogallery-justified foogallery-lightbox-foobox fg-justified fg-ready fg-light fg-round-small fg-shadow-inset-medium fg-loading-bars fg-loaded-fade-in fg-caption-hover fg-hover-fade fg-hover-zoom3\" id=\"foogallery-gallery-790\" data-foogallery=\"{&quot;item&quot;:{&quot;showCaptionTitle&quot;:true,&quot;showCaptionDescription&quot;:true},&quot;lazy&quot;:true,&quot;template&quot;:{&quot;rowHeight&quot;:150,&quot;maxRowHeight&quot;:300,&quot;margins&quot;:2,&quot;align&quot;:&quot;center&quot;,&quot;lastRow&quot;:&quot;smart&quot;}}\" style=\"--fg-title-line-clamp: 0; --fg-description-line-clamp: 0;\" >\n\t<div class=\"fg-item fg-type-image fg-idle\"><figure class=\"fg-item-inner\"><a href=\"https:\/\/followfichte.com\/wp-content\/uploads\/photogalleries\/canadawest\/reise_pilots-view.jpg\" data-caption-title=\"Pilot&#039;s view?\" data-caption-desc=\"That&#039;s what you only get in Business Class of a Jumbo ;-) Free upgrades are great.\" data-attachment-id=\"768\" data-type=\"image\" class=\"fg-thumb\"><span class=\"fg-image-wrap\"><img fetchpriority=\"high\" decoding=\"async\" title=\"That&#039;s what you only get in Business Class of a Jumbo ;-) Free upgrades are great.\" height=\"300\" width=\"300\" class=\"skip-lazy fg-image\" data-src-fg=\"http:\/\/followfichte.com\/wp-content\/uploads\/cache\/remote\/followfichte-com\/1188070269.jpg\" src=\"data:image\/svg+xml,%3Csvg%20xmlns%3D%22http%3A%2F%2Fwww.w3.org%2F2000%2Fsvg%22%20width%3D%22300%22%20height%3D%22300%22%20viewBox%3D%220%200%20300%20300%22%3E%3C%2Fsvg%3E\" loading=\"eager\"><\/span><span class=\"fg-image-overlay\"><\/span><\/a><figcaption class=\"fg-caption\"><div class=\"fg-caption-inner\"><div class=\"fg-caption-title\">Pilot's view?<\/div><div class=\"fg-caption-desc\">That's what you only get in Business Class of a Jumbo \ud83d\ude09 Free upgrades are great.<\/div><\/div><\/figcaption><\/figure><div class=\"fg-loader\"><\/div><\/div><div class=\"fg-item fg-type-image fg-idle\"><figure class=\"fg-item-inner\"><a href=\"https:\/\/followfichte.com\/wp-content\/uploads\/photogalleries\/canadawest\/reise_747.jpg\" data-caption-title=\"Jumbo to Vancouver\" data-attachment-id=\"767\" data-type=\"image\" class=\"fg-thumb\"><span class=\"fg-image-wrap\"><img decoding=\"async\" height=\"300\" width=\"300\" class=\"skip-lazy fg-image\" data-src-fg=\"http:\/\/followfichte.com\/wp-content\/uploads\/cache\/remote\/followfichte-com\/1195909290.jpg\" src=\"data:image\/svg+xml,%3Csvg%20xmlns%3D%22http%3A%2F%2Fwww.w3.org%2F2000%2Fsvg%22%20width%3D%22300%22%20height%3D%22300%22%20viewBox%3D%220%200%20300%20300%22%3E%3C%2Fsvg%3E\" loading=\"eager\"><\/span><span class=\"fg-image-overlay\"><\/span><\/a><figcaption class=\"fg-caption\"><div class=\"fg-caption-inner\"><div class=\"fg-caption-title\">Jumbo to Vancouver<\/div><\/div><\/figcaption><\/figure><div class=\"fg-loader\"><\/div><\/div><div class=\"fg-item fg-type-image fg-idle\"><figure class=\"fg-item-inner\"><a href=\"https:\/\/followfichte.com\/wp-content\/uploads\/photogalleries\/canadawest\/running_seaplanes.jpg\" data-caption-title=\"Seaplanes in Vancouver\" data-attachment-id=\"766\" data-type=\"image\" class=\"fg-thumb\"><span class=\"fg-image-wrap\"><img decoding=\"async\" height=\"300\" width=\"534\" class=\"skip-lazy fg-image\" data-src-fg=\"http:\/\/followfichte.com\/wp-content\/uploads\/cache\/remote\/followfichte-com\/293500213.jpg\" src=\"data:image\/svg+xml,%3Csvg%20xmlns%3D%22http%3A%2F%2Fwww.w3.org%2F2000%2Fsvg%22%20width%3D%22534%22%20height%3D%22300%22%20viewBox%3D%220%200%20534%20300%22%3E%3C%2Fsvg%3E\" loading=\"eager\"><\/span><span class=\"fg-image-overlay\"><\/span><\/a><figcaption class=\"fg-caption\"><div class=\"fg-caption-inner\"><div class=\"fg-caption-title\">Seaplanes in Vancouver<\/div><\/div><\/figcaption><\/figure><div class=\"fg-loader\"><\/div><\/div><div class=\"fg-item fg-type-image fg-idle\"><figure class=\"fg-item-inner\"><a href=\"https:\/\/followfichte.com\/wp-content\/uploads\/photogalleries\/canadawest\/qe-park_skyline01.jpg\" data-caption-title=\"Vancouver Skyline\" data-attachment-id=\"765\" data-type=\"image\" class=\"fg-thumb\"><span class=\"fg-image-wrap\"><img decoding=\"async\" height=\"300\" width=\"534\" class=\"skip-lazy fg-image\" data-src-fg=\"http:\/\/followfichte.com\/wp-content\/uploads\/cache\/remote\/followfichte-com\/2364556378.jpg\" src=\"data:image\/svg+xml,%3Csvg%20xmlns%3D%22http%3A%2F%2Fwww.w3.org%2F2000%2Fsvg%22%20width%3D%22534%22%20height%3D%22300%22%20viewBox%3D%220%200%20534%20300%22%3E%3C%2Fsvg%3E\" loading=\"eager\"><\/span><span class=\"fg-image-overlay\"><\/span><\/a><figcaption class=\"fg-caption\"><div class=\"fg-caption-inner\"><div class=\"fg-caption-title\">Vancouver Skyline<\/div><\/div><\/figcaption><\/figure><div class=\"fg-loader\"><\/div><\/div><\/div>\n\n<p>&nbsp;<\/p>","protected":false},"excerpt":{"rendered":"<p>The western part of Canada substantially differs from the eastern coast and has its own beauty. Vancouver is a great city to visit, with great parks, waterfronts, and pure nature [&hellip;]<\/p>","protected":false},"author":1,"featured_media":0,"parent":0,"menu_order":0,"comment_status":"closed","ping_status":"closed","template":"","meta":{"_exactmetrics_skip_tracking":false,"_exactmetrics_sitenote_active":false,"_exactmetrics_sitenote_note":"","_exactmetrics_sitenote_category":0,"ngg_post_thumbnail":0,"footnotes":""},"class_list":["post-791","page","type-page","status-publish","hentry"],"_links":{"self":[{"href":"http:\/\/followfichte.com\/de\/wp-json\/wp\/v2\/pages\/791","targetHints":{"allow":["GET"]}}],"collection":[{"href":"http:\/\/followfichte.com\/de\/wp-json\/wp\/v2\/pages"}],"about":[{"href":"http:\/\/followfichte.com\/de\/wp-json\/wp\/v2\/types\/page"}],"author":[{"embeddable":true,"href":"http:\/\/followfichte.com\/de\/wp-json\/wp\/v2\/users\/1"}],"replies":[{"embeddable":true,"href":"http:\/\/followfichte.com\/de\/wp-json\/wp\/v2\/comments?post=791"}],"version-history":[{"count":1,"href":"http:\/\/followfichte.com\/de\/wp-json\/wp\/v2\/pages\/791\/revisions"}],"predecessor-version":[{"id":792,"href":"http:\/\/followfichte.com\/de\/wp-json\/wp\/v2\/pages\/791\/revisions\/792"}],"wp:attachment":[{"href":"http:\/\/followfichte.com\/de\/wp-json\/wp\/v2\/media?parent=791"}],"curies":[{"name":"wp","href":"https:\/\/api.w.org\/{rel}","templated":true}]}}