{"id":1058,"date":"2018-06-30T21:55:59","date_gmt":"2018-06-30T21:55:59","guid":{"rendered":"http:\/\/followfichte.com\/?page_id=1058"},"modified":"2018-06-30T21:55:59","modified_gmt":"2018-06-30T21:55:59","slug":"brazil-porto-alegre","status":"publish","type":"page","link":"http:\/\/followfichte.com\/de\/brazil-porto-alegre\/","title":{"rendered":"Brasilien - Porto Alegre"},"content":{"rendered":"<p>Meine erste Dienstreise auf die S\u00fcdhalbkugel f\u00fchrte mich nach Porto Alegre, ganz im S\u00fcden Brasiliens im Juni (also Winter) 2018. Nicht unbedingt der sch\u00f6nste Ort f\u00fcr einen Besuch in Brasilien (und nicht unbedingt die beste Jahreszeit), aber dennoch hatte ich eine gute Zeit - insbesondere durch den netten Empfang meiner Kollegen bei SAP Sao Leopoldo.<\/p>\n<style type=\"text\/css\">\n#foogallery-gallery-1055.fg-justified .fg-item { margin-right: 2px; margin-bottom: 2px; }\n#foogallery-gallery-1055.fg-justified .fg-image { height: 150px; }<\/style>\n\t\t\t<div class=\"foogallery foogallery-container foogallery-justified foogallery-lightbox-foobox fg-justified fg-ready fg-light fg-round-small fg-shadow-inset-medium fg-loading-bars fg-loaded-fade-in fg-caption-hover fg-hover-fade fg-hover-zoom3\" id=\"foogallery-gallery-1055\" data-foogallery=\"{&quot;item&quot;:{&quot;showCaptionTitle&quot;:true,&quot;showCaptionDescription&quot;:true},&quot;lazy&quot;:true,&quot;template&quot;:{&quot;rowHeight&quot;:150,&quot;maxRowHeight&quot;:300,&quot;margins&quot;:2,&quot;align&quot;:&quot;center&quot;,&quot;lastRow&quot;:&quot;smart&quot;}}\" style=\"--fg-title-line-clamp: 0; --fg-description-line-clamp: 0;\" >\n\t<\/div>\n\n<p>&nbsp;<\/p>","protected":false},"excerpt":{"rendered":"<p>My first business trip to the southern hemisphere took me to Porto Alegre, in the very south of Brazil during June (=winter) 2018. Not necessarily the most beautiful place to [&hellip;]<\/p>","protected":false},"author":1,"featured_media":0,"parent":0,"menu_order":0,"comment_status":"closed","ping_status":"closed","template":"","meta":{"_exactmetrics_skip_tracking":false,"_exactmetrics_sitenote_active":false,"_exactmetrics_sitenote_note":"","_exactmetrics_sitenote_category":0,"ngg_post_thumbnail":0,"footnotes":""},"class_list":["post-1058","page","type-page","status-publish","hentry"],"_links":{"self":[{"href":"http:\/\/followfichte.com\/de\/wp-json\/wp\/v2\/pages\/1058","targetHints":{"allow":["GET"]}}],"collection":[{"href":"http:\/\/followfichte.com\/de\/wp-json\/wp\/v2\/pages"}],"about":[{"href":"http:\/\/followfichte.com\/de\/wp-json\/wp\/v2\/types\/page"}],"author":[{"embeddable":true,"href":"http:\/\/followfichte.com\/de\/wp-json\/wp\/v2\/users\/1"}],"replies":[{"embeddable":true,"href":"http:\/\/followfichte.com\/de\/wp-json\/wp\/v2\/comments?post=1058"}],"version-history":[{"count":1,"href":"http:\/\/followfichte.com\/de\/wp-json\/wp\/v2\/pages\/1058\/revisions"}],"predecessor-version":[{"id":1059,"href":"http:\/\/followfichte.com\/de\/wp-json\/wp\/v2\/pages\/1058\/revisions\/1059"}],"wp:attachment":[{"href":"http:\/\/followfichte.com\/de\/wp-json\/wp\/v2\/media?parent=1058"}],"curies":[{"name":"wp","href":"https:\/\/api.w.org\/{rel}","templated":true}]}}